{"id":15,"date":"2013-12-17T16:25:22","date_gmt":"2013-12-18T00:25:22","guid":{"rendered":"http:\/\/www.mentalwellnessnow.com\/blog\/?page_id=15"},"modified":"2018-03-21T19:45:56","modified_gmt":"2018-03-21T23:45:56","slug":"welcome","status":"publish","type":"page","link":"https:\/\/www.mentalwellnessnow.com\/ES\/","title":{"rendered":"Inicio"},"content":{"rendered":"<p><img loading=\"lazy\" decoding=\"async\" class=\"aligncenter wp-image-678 size-full\" src=\"http:\/\/www.mentalwellnessnow.com\/blog\/wp-content\/uploads\/2018\/03\/mentalWellness_header_span_0321.jpg\" alt=\"Mental Wellness Now Header spanish\" width=\"1668\" height=\"1147\" srcset=\"https:\/\/www.mentalwellnessnow.com\/blog\/wp-content\/uploads\/2018\/03\/mentalWellness_header_span_0321.jpg 1668w, https:\/\/www.mentalwellnessnow.com\/blog\/wp-content\/uploads\/2018\/03\/mentalWellness_header_span_0321-300x206.jpg 300w, https:\/\/www.mentalwellnessnow.com\/blog\/wp-content\/uploads\/2018\/03\/mentalWellness_header_span_0321-768x528.jpg 768w, https:\/\/www.mentalwellnessnow.com\/blog\/wp-content\/uploads\/2018\/03\/mentalWellness_header_span_0321-1024x704.jpg 1024w\" sizes=\"auto, (max-width: 1668px) 100vw, 1668px\" \/><\/p>\n<blockquote><p>\u00abMental Wellness Now, LLC (Bienestar Mental Ahora) es una organizaci\u00f3n dedicada al bienestar y la estabilidad emocional de los individuos. Aquellos quienes se encuentran emocionalmente estables, tienen la capacidad de controlar y mantener relaciones m\u00e1s arm\u00f3nicas en sus hogares, lugares de trabajo, as\u00ed como con sus amigos.\u00bb<\/p>\n<p style=\"text-align: center;\"><iframe width='320' height='180' src='\/\/www.youtube.com\/embed\/QLtOQ6DCwDw?autoplay=0&loop=0&rel=0' frameborder='0' allowfullscreen><\/iframe><\/p>\n<hr \/>\n<p style=\"text-align: center;\"><strong>Bienvenidos !<\/strong><\/p>\n<\/blockquote>\n<p style=\"text-align: center;\">\n<p><\/p>","protected":false},"excerpt":{"rendered":"<p>\u00abMental Wellness Now, LLC (Bienestar Mental Ahora) es una organizaci\u00f3n dedicada al bienestar y la estabilidad emocional de los individuos. Aquellos quienes se encuentran emocionalmente estables, tienen la capacidad de controlar y mantener relaciones m\u00e1s arm\u00f3nicas en sus hogares, lugares de trabajo, as\u00ed como con sus amigos.\u00bb Bienvenidos !<\/p>\n","protected":false},"author":1,"featured_media":0,"parent":0,"menu_order":0,"comment_status":"closed","ping_status":"open","template":"","meta":{"jetpack_post_was_ever_published":false,"footnotes":""},"class_list":["post-15","page","type-page","status-publish","hentry"],"jetpack_shortlink":"https:\/\/wp.me\/P4dXTL-f","jetpack_sharing_enabled":true,"_links":{"self":[{"href":"https:\/\/www.mentalwellnessnow.com\/ES\/wp-json\/wp\/v2\/pages\/15","targetHints":{"allow":["GET"]}}],"collection":[{"href":"https:\/\/www.mentalwellnessnow.com\/ES\/wp-json\/wp\/v2\/pages"}],"about":[{"href":"https:\/\/www.mentalwellnessnow.com\/ES\/wp-json\/wp\/v2\/types\/page"}],"author":[{"embeddable":true,"href":"https:\/\/www.mentalwellnessnow.com\/ES\/wp-json\/wp\/v2\/users\/1"}],"replies":[{"embeddable":true,"href":"https:\/\/www.mentalwellnessnow.com\/ES\/wp-json\/wp\/v2\/comments?post=15"}],"version-history":[{"count":43,"href":"https:\/\/www.mentalwellnessnow.com\/ES\/wp-json\/wp\/v2\/pages\/15\/revisions"}],"predecessor-version":[{"id":685,"href":"https:\/\/www.mentalwellnessnow.com\/ES\/wp-json\/wp\/v2\/pages\/15\/revisions\/685"}],"wp:attachment":[{"href":"https:\/\/www.mentalwellnessnow.com\/ES\/wp-json\/wp\/v2\/media?parent=15"}],"curies":[{"name":"wp","href":"https:\/\/api.w.org\/{rel}","templated":true}]}}