{"id":209,"date":"2014-04-09T16:23:49","date_gmt":"2014-04-09T23:23:49","guid":{"rendered":"http:\/\/www.mentalwellnessnow.com\/?page_id=209"},"modified":"2015-10-03T14:51:01","modified_gmt":"2015-10-03T18:51:01","slug":"life-skills-coaching","status":"publish","type":"page","link":"https:\/\/www.mentalwellnessnow.com\/ES\/services\/life-skills-coaching\/","title":{"rendered":"Desarrollo Personal"},"content":{"rendered":"<p><\/p>\n<h4>LOS BENEFICIOS DE TENER UN GUIA DE DESARROLLO PERSONAL<img loading=\"lazy\" decoding=\"async\" class=\"size-thumbnail wp-image-378 alignright\" alt=\"desarollo personal\" src=\"http:\/\/www.mentalwellnessnow.com\/blog\/wp-content\/uploads\/logos\/20150518\/mwnLogo_life_span-150x150.png\" width=\"150\" height=\"150\" srcset=\"https:\/\/www.mentalwellnessnow.com\/blog\/wp-content\/uploads\/logos\/20150518\/mwnLogo_life_span-150x150.png 150w, https:\/\/www.mentalwellnessnow.com\/blog\/wp-content\/uploads\/logos\/20150518\/mwnLogo_life_span-300x300.png 300w, https:\/\/www.mentalwellnessnow.com\/blog\/wp-content\/uploads\/logos\/20150518\/mwnLogo_life_span.png 476w\" sizes=\"auto, (max-width: 150px) 100vw, 150px\" \/><\/h4>\n<p><strong>QUE SIGNIFICA EL DESARROLLO PERSONAL:<\/strong><\/p>\n<ul>\n<li>Significa aprender a atravezar etapas dif\u00edciles de supercar.<\/li>\n<li>Significa llegar a lograr realizar sus destinos.<\/li>\n<li>Comprender el porqu\u00e9 les ocurren malas situaciones a buenas personas y como aprender a supercar esas situaciones.<\/li>\n<\/ul>\n<p><strong>QUE CUALIDADES SON NECESARIAS EN UNA ENTRENADORA DE DESARROLLO\u00a0PERSONAL?<\/strong><\/p>\n<ul>\n<li>Es alguien quien alguien quien tiene tanto experiencia en superaci\u00f3n personal a trav\u00e9s de su vida, como experiencia acad\u00e9mica y professional.<\/li>\n<li>Es alguien quien practica altos valores cada instante de su vida y aprecia cada momento dif\u00edcil que se presenta en situaci\u00f3nes retantes.<\/li>\n<li>Es alguien quien puede guiar a otros a lograr sus sue\u00f1os, pues el\/ella ya ha logrado su realizaci\u00f3n personal, y solo le queda pasar la informaci\u00f3n.<\/li>\n<li>Es alguien quien utiliza t\u00e9cnicas efectivas para lograr la m\u00e1xima realizaci\u00f3n personal y romper los obst\u00e1culos que les impiden realizarsen.<\/li>\n<\/ul>\n<p><strong>EN QUE AREAS DE SU VIDA PUEDEN TRABAJAR?<\/strong><\/p>\n<ul>\n<li>Podr\u00e1n trabajar y superar cualquier \u00e1rea en la que encuentran un desbalance emocional,<\/li>\n<li>Pueden trabajar en reparar sus relaciones interpersonales como con su pareja, sus hijos, y en su trabajo.<\/li>\n<li>Pueden recibir asistencia para lograr realizar cualquier m\u00e9ta profesional o personal que deseen alcanzar.<\/li>\n<\/ul>\n<p><strong>QUE PRACTICAS PUEDEN APRENDER PARA TRABAJAR EN SU DESARROLLO PERSONAL?<\/strong><\/p>\n<ul>\n<li>Asumir completamente responsabilidad de no rendirsen una vez que inician la jornada de su desarrollo personal.<\/li>\n<li>Aprender a ser paciente.<\/li>\n<li>Confiar en quien les gu\u00eda en su camino hacia su despertar.<\/li>\n<\/ul>\n<p><img loading=\"lazy\" decoding=\"async\" class=\"alignleft size-thumbnail wp-image-374\" alt=\"mwnLogo_family\" src=\"http:\/\/www.mentalwellnessnow.com\/blog\/wp-content\/uploads\/logos\/20150518\/mwnLogo_family-150x150.png\" width=\"150\" height=\"150\" srcset=\"https:\/\/www.mentalwellnessnow.com\/blog\/wp-content\/uploads\/logos\/20150518\/mwnLogo_family-150x150.png 150w, https:\/\/www.mentalwellnessnow.com\/blog\/wp-content\/uploads\/logos\/20150518\/mwnLogo_family-300x300.png 300w, https:\/\/www.mentalwellnessnow.com\/blog\/wp-content\/uploads\/logos\/20150518\/mwnLogo_family.png 476w\" sizes=\"auto, (max-width: 150px) 100vw, 150px\" \/>No es crucial el no trabajar hacia la m\u00e9ta m\u00e1xima y vivir sus vidas d\u00eda a d\u00eda sin rumbo.\u00a0Mas, que lindo es cuando tomamos \u00e9sta decision, pues es entonces cuando\u00a0verdaderamente saboreamos profundamente la vida. Es tambien cuando podemos\u00a0gozar de cada amanecer y anochecer aunque existan retos en nuestro cam\u00edno pues\u00a0sabemos que estos retos son pasajeros.<\/p>","protected":false},"excerpt":{"rendered":"<p>LOS BENEFICIOS DE TENER UN GUIA DE DESARROLLO PERSONAL QUE SIGNIFICA EL DESARROLLO PERSONAL: Significa aprender a atravezar etapas dif\u00edciles de supercar. Significa llegar a lograr realizar sus destinos. Comprender el porqu\u00e9 les ocurren malas situaciones a buenas personas y como aprender a supercar esas situaciones. QUE CUALIDADES SON NECESARIAS EN UNA ENTRENADORA DE DESARROLLO\u00a0PERSONAL? &hellip; <a href=\"https:\/\/www.mentalwellnessnow.com\/ES\/services\/life-skills-coaching\/\" class=\"more-link\">Seguir leyendo <span class=\"screen-reader-text\">Desarrollo Personal<\/span> <span class=\"meta-nav\">&rarr;<\/span><\/a><\/p>\n","protected":false},"author":1,"featured_media":0,"parent":214,"menu_order":4,"comment_status":"closed","ping_status":"open","template":"","meta":{"jetpack_post_was_ever_published":false,"footnotes":""},"class_list":["post-209","page","type-page","status-publish","hentry"],"jetpack_shortlink":"https:\/\/wp.me\/P4dXTL-3n","jetpack_sharing_enabled":true,"_links":{"self":[{"href":"https:\/\/www.mentalwellnessnow.com\/ES\/wp-json\/wp\/v2\/pages\/209","targetHints":{"allow":["GET"]}}],"collection":[{"href":"https:\/\/www.mentalwellnessnow.com\/ES\/wp-json\/wp\/v2\/pages"}],"about":[{"href":"https:\/\/www.mentalwellnessnow.com\/ES\/wp-json\/wp\/v2\/types\/page"}],"author":[{"embeddable":true,"href":"https:\/\/www.mentalwellnessnow.com\/ES\/wp-json\/wp\/v2\/users\/1"}],"replies":[{"embeddable":true,"href":"https:\/\/www.mentalwellnessnow.com\/ES\/wp-json\/wp\/v2\/comments?post=209"}],"version-history":[{"count":13,"href":"https:\/\/www.mentalwellnessnow.com\/ES\/wp-json\/wp\/v2\/pages\/209\/revisions"}],"predecessor-version":[{"id":507,"href":"https:\/\/www.mentalwellnessnow.com\/ES\/wp-json\/wp\/v2\/pages\/209\/revisions\/507"}],"up":[{"embeddable":true,"href":"https:\/\/www.mentalwellnessnow.com\/ES\/wp-json\/wp\/v2\/pages\/214"}],"wp:attachment":[{"href":"https:\/\/www.mentalwellnessnow.com\/ES\/wp-json\/wp\/v2\/media?parent=209"}],"curies":[{"name":"wp","href":"https:\/\/api.w.org\/{rel}","templated":true}]}}