{"id":212,"date":"2014-04-09T16:26:59","date_gmt":"2014-04-09T23:26:59","guid":{"rendered":"http:\/\/www.mentalwellnessnow.com\/?page_id=212"},"modified":"2015-10-03T14:51:27","modified_gmt":"2015-10-03T18:51:27","slug":"hypnotherapy","status":"publish","type":"page","link":"https:\/\/www.mentalwellnessnow.com\/ES\/services\/hypnotherapy\/","title":{"rendered":"Hipnoterapia"},"content":{"rendered":"<p>Aprenda m\u00e1s sobre ti mismo a trav\u00e9s del relajamiento profundo.<\/p>\n<p><strong><img loading=\"lazy\" decoding=\"async\" class=\"alignleft size-thumbnail wp-image-375\" src=\"http:\/\/www.mentalwellnessnow.com\/blog\/wp-content\/uploads\/logos\/20150518\/mwnLogo_hypno_eng-150x150.png\" alt=\"hypnotherapy logo\" width=\"150\" height=\"150\" srcset=\"https:\/\/www.mentalwellnessnow.com\/blog\/wp-content\/uploads\/logos\/20150518\/mwnLogo_hypno_eng-150x150.png 150w, https:\/\/www.mentalwellnessnow.com\/blog\/wp-content\/uploads\/logos\/20150518\/mwnLogo_hypno_eng-300x300.png 300w, https:\/\/www.mentalwellnessnow.com\/blog\/wp-content\/uploads\/logos\/20150518\/mwnLogo_hypno_eng.png 476w\" sizes=\"auto, (max-width: 150px) 100vw, 150px\" \/>TRATAMIENTO DE HIPNOSIS REGRESIVA<\/strong><\/p>\n<p>En el pasado exist\u00eda una actitud muy herm\u00e9tica lo cual imped\u00eda a las masas el poder explotar las maravillas de la mente. Ha sido tan solo recientemente que esta informaci\u00f3n est\u00e1 llegando a todos universalmente, a trav\u00e9s de individuos desinteresados que dedican su vida al aprendizaje y pr\u00e1ctica, para luego difundir estos conocimientos a muchos seres humanos.<\/p>\n<p>\u00bfQUE ES LA HIPNOSIS REGRESIVA?<br \/>\nLa hipnosis regresiva es un sistema de tratamiento dirigido a establecer un balance emocional. Es un medio muy efectivo que nos permite comunicarnos con nuestra mente subconsciente; esta parte de la mente que no piensa, ni razona, ni usa la l\u00f3gica, tan solo reacciona con las situaciones que encontramos en nuestro medio ambiente (o el est\u00edmulo externo). En otras palabras, lo que percibimos en nuestro ambiente, une nuestro presente a nuestro pasado. Por lo tanto, usando esta t\u00e9cnica de terapia, podemos encontrar la causa de nuestra presente condici\u00f3n. Es entonces cuando removemos la basura acumulada a trav\u00e9s de los a\u00f1os, particularmente en nuestra ni\u00f1ez.<\/p>\n<p><strong>\u00bfQUE PODEMOS SUPERAR CON ESTA T\u00c9CNICA?<br \/>\n<\/strong><br \/>\nA trav\u00e9s de esta t\u00e9cnica, podemos superar condiciones dif\u00edciles relacionadas con:<br \/>\n\u30fb Miedos<br \/>\n\u30fb Inseguridades<br \/>\n\u30fb Adicciones<br \/>\n\u30fb Tartamudeo<br \/>\n\u30fb Depresi\u00f3n<br \/>\n\u30fb Dolor<br \/>\n\u30fb Impotencia<br \/>\n\u30fb Comportamiento compulsivo<br \/>\n\u30fb Frigidez<br \/>\n\u30fb Timidez<br \/>\n\u30fb Dejar de fumar<br \/>\n\u30fb Elevar la baja auto-estima<br \/>\n\u30fb Preparasen mejor para pasar ex\u00e1menes<\/p>\n<p>Y muchos otros desbalances que tengan que ver con un aspecto emocional.<\/p>\n<p>Tenemos que corregir la informaci\u00f3n enviada a la caja de la memoria la cual se encuentra localizada en nuestro subconsciente.<\/p>\n<p>De la misma forma se puede lograr el recuerdo de alg\u00fan incidente incomodo ya olvidado el cual se puede convertir en trauma, y a la vez, darle correcta informaci\u00f3n para la realizaci\u00f3n de nuestros objetivos.<\/p>","protected":false},"excerpt":{"rendered":"<p>Aprenda m\u00e1s sobre ti mismo a trav\u00e9s del relajamiento profundo. TRATAMIENTO DE HIPNOSIS REGRESIVA En el pasado exist\u00eda una actitud muy herm\u00e9tica lo cual imped\u00eda a las masas el poder explotar las maravillas de la mente. Ha sido tan solo recientemente que esta informaci\u00f3n est\u00e1 llegando a todos universalmente, a trav\u00e9s de individuos desinteresados que &hellip; <a href=\"https:\/\/www.mentalwellnessnow.com\/ES\/services\/hypnotherapy\/\" class=\"more-link\">Seguir leyendo <span class=\"screen-reader-text\">Hipnoterapia<\/span> <span class=\"meta-nav\">&rarr;<\/span><\/a><\/p>\n","protected":false},"author":1,"featured_media":0,"parent":214,"menu_order":6,"comment_status":"closed","ping_status":"open","template":"","meta":{"jetpack_post_was_ever_published":false,"footnotes":""},"class_list":["post-212","page","type-page","status-publish","hentry"],"jetpack_shortlink":"https:\/\/wp.me\/P4dXTL-3q","jetpack_sharing_enabled":true,"_links":{"self":[{"href":"https:\/\/www.mentalwellnessnow.com\/ES\/wp-json\/wp\/v2\/pages\/212","targetHints":{"allow":["GET"]}}],"collection":[{"href":"https:\/\/www.mentalwellnessnow.com\/ES\/wp-json\/wp\/v2\/pages"}],"about":[{"href":"https:\/\/www.mentalwellnessnow.com\/ES\/wp-json\/wp\/v2\/types\/page"}],"author":[{"embeddable":true,"href":"https:\/\/www.mentalwellnessnow.com\/ES\/wp-json\/wp\/v2\/users\/1"}],"replies":[{"embeddable":true,"href":"https:\/\/www.mentalwellnessnow.com\/ES\/wp-json\/wp\/v2\/comments?post=212"}],"version-history":[{"count":17,"href":"https:\/\/www.mentalwellnessnow.com\/ES\/wp-json\/wp\/v2\/pages\/212\/revisions"}],"predecessor-version":[{"id":508,"href":"https:\/\/www.mentalwellnessnow.com\/ES\/wp-json\/wp\/v2\/pages\/212\/revisions\/508"}],"up":[{"embeddable":true,"href":"https:\/\/www.mentalwellnessnow.com\/ES\/wp-json\/wp\/v2\/pages\/214"}],"wp:attachment":[{"href":"https:\/\/www.mentalwellnessnow.com\/ES\/wp-json\/wp\/v2\/media?parent=212"}],"curies":[{"name":"wp","href":"https:\/\/api.w.org\/{rel}","templated":true}]}}