{"id":32,"date":"2013-12-19T10:36:20","date_gmt":"2013-12-19T18:36:20","guid":{"rendered":"http:\/\/www.mentalwellnessnow.com\/blog\/?page_id=32"},"modified":"2016-04-08T16:53:42","modified_gmt":"2016-04-08T20:53:42","slug":"about-us","status":"publish","type":"page","link":"https:\/\/www.mentalwellnessnow.com\/ES\/about-us\/","title":{"rendered":"Qui\u00e9nes Somos"},"content":{"rendered":"<p><a href=\"http:\/\/www.mentalwellnessnow.com\/blog\/wp-content\/uploads\/cv\/NPINZON.CV.010616.Spanish.pdf\" target=\"_blank\">Nancy Pinzon &#8211; Curriculum Vitae<\/a><\/p>\n<hr \/>\n<p>Mental Wellness Now, LLC (Bienestar Mental Ahora) es una organizaci\u00f3n dedicada al bienestar y la estabilidad emocional de los individuos. Aquellos quienes se encuentran emocionalmente estables, tienen la capacidad de controlar y mantener relaciones m\u00e1s arm\u00f3nicas en sus hogares, lugares de trabajo, as\u00ed como con sus amigos.<\/p>\n<p><img loading=\"lazy\" decoding=\"async\" class=\"alignleft size-full wp-image-186\" src=\"http:\/\/www.mentalwellnessnow.com\/blog\/wp-content\/uploads\/misc\/nancyPinzon2_photo.png\" alt=\"nancy pinzon photo\" width=\"200\" height=\"267\" \/><\/p>\n<p>Nancy Pinz\u00f3n es licenciada por el Estado de Virginia como Sicoterapeuta Profesional Licenciada.\u00bb Ella tiene su Bachillerato en Filosof\u00eda y Religi\u00f3n de Mary Baldwin College en Staunton, VA., Una Maestr\u00eda en Transformaci\u00f3n de Conflictos y Construcci\u00f3n de Paz de la Universidad Menonita en Harrisonburg, VA., una segunda Maestr\u00eda en Salud Mental, as\u00ed como casi 2 a\u00f1os de doctorado en Educaci\u00f3n Asesor\u00eda y Supervisi\u00f3n Terap\u00e9utica Mental de la Universidad Walden en Minneapolis, MN. A la vez, lleva m\u00e1s de 25 a\u00f1os de experiencia como capacitadora en desarrollo personal, as\u00ed como ha recibido m\u00faltiples certificaciones como Hipnoterapeuta.<\/p>\n<p>La orientaci\u00f3n principal de Nancy es trabajar con individuos quienes presentan s\u00edntomas de trauma; tambi\u00e9n trabaja en intervenci\u00f3n de crisis a cualquier nivel. En relaci\u00f3n al trauma,<\/p>\n<p>Ella est\u00e1 abriendo sus puertas a los veteranos para asistirles con sus s\u00edntomas de trastorno de estr\u00e9s post-traum\u00e1tico debido al combate. Ella tambi\u00e9n da servicio eficazmente a ni\u00f1os, mujeres y hombres traumatizados.<\/p>\n<p>Su experiencia profesional abarca la terapia familiar, terapia de pareja, ayudar a los adolescentes a trav\u00e9s de su desafiante per\u00edodo en su adolescencia, adem\u00e1s de la estabilizaci\u00f3n de trastornos del desarrollo y desequilibrio emocional.<\/p>\n<p>Nancy les da la bienvenida a individuos en la communidad LGBT quienes est\u00e9n sufriendo ansiedad, depresi\u00f3n, miedo, p\u00e1nico, fobias, problemas con la aceptaci\u00f3n de su identidad, y maneja tambi\u00e9n desordenes psicosom\u00e1ticos, as\u00ed como aquellos quienes tienen s\u00edntomas o han sido diagnosticados con trastorno en su personalidad.<\/p>\n<p>M\u00e1s all\u00e1 de sus logros acad\u00e9micos, Nancy ha recibido certificaciones en el Manejo de la Enojo y en Mediaci\u00f3n. Estas certificaciones le permiten proporcionar servicios tan necesarios a la comunidad, especialmente la hispana; en forma de grupo, as\u00ed como terapia individual.<\/p>\n<p>Les esperamos para poderles asistir en todos los campos de su presente y su futura salud mental.<\/p>\n<p>\u00a1Nos complacer\u00e1 servirles!<\/p>\n<p>&nbsp;<\/p>","protected":false},"excerpt":{"rendered":"<p>Nancy Pinzon &#8211; Curriculum Vitae Mental Wellness Now, LLC (Bienestar Mental Ahora) es una organizaci\u00f3n dedicada al bienestar y la estabilidad emocional de los individuos. Aquellos quienes se encuentran emocionalmente estables, tienen la capacidad de controlar y mantener relaciones m\u00e1s arm\u00f3nicas en sus hogares, lugares de trabajo, as\u00ed como con sus amigos. Nancy Pinz\u00f3n es &hellip; <a href=\"https:\/\/www.mentalwellnessnow.com\/ES\/about-us\/\" class=\"more-link\">Seguir leyendo <span class=\"screen-reader-text\">Qui\u00e9nes Somos<\/span> <span class=\"meta-nav\">&rarr;<\/span><\/a><\/p>\n","protected":false},"author":1,"featured_media":0,"parent":0,"menu_order":1,"comment_status":"closed","ping_status":"open","template":"","meta":{"jetpack_post_was_ever_published":false,"footnotes":""},"class_list":["post-32","page","type-page","status-publish","hentry"],"jetpack_shortlink":"https:\/\/wp.me\/P4dXTL-w","jetpack_sharing_enabled":true,"_links":{"self":[{"href":"https:\/\/www.mentalwellnessnow.com\/ES\/wp-json\/wp\/v2\/pages\/32","targetHints":{"allow":["GET"]}}],"collection":[{"href":"https:\/\/www.mentalwellnessnow.com\/ES\/wp-json\/wp\/v2\/pages"}],"about":[{"href":"https:\/\/www.mentalwellnessnow.com\/ES\/wp-json\/wp\/v2\/types\/page"}],"author":[{"embeddable":true,"href":"https:\/\/www.mentalwellnessnow.com\/ES\/wp-json\/wp\/v2\/users\/1"}],"replies":[{"embeddable":true,"href":"https:\/\/www.mentalwellnessnow.com\/ES\/wp-json\/wp\/v2\/comments?post=32"}],"version-history":[{"count":24,"href":"https:\/\/www.mentalwellnessnow.com\/ES\/wp-json\/wp\/v2\/pages\/32\/revisions"}],"predecessor-version":[{"id":594,"href":"https:\/\/www.mentalwellnessnow.com\/ES\/wp-json\/wp\/v2\/pages\/32\/revisions\/594"}],"wp:attachment":[{"href":"https:\/\/www.mentalwellnessnow.com\/ES\/wp-json\/wp\/v2\/media?parent=32"}],"curies":[{"name":"wp","href":"https:\/\/api.w.org\/{rel}","templated":true}]}}