{"id":379,"date":"2015-05-18T12:03:44","date_gmt":"2015-05-18T16:03:44","guid":{"rendered":"http:\/\/www.mentalwellnessnow.com\/?page_id=379"},"modified":"2016-07-17T13:56:01","modified_gmt":"2016-07-17T17:56:01","slug":"mental-health-therapy","status":"publish","type":"page","link":"https:\/\/www.mentalwellnessnow.com\/ES\/services\/mental-health-therapy\/","title":{"rendered":"Asesoramiento Terap\u00e9utico"},"content":{"rendered":"<p><strong><span style=\"color: #2b2b2b;\"><span style=\"font-size: medium;\"><a href=\"http:\/\/www.mentalwellnessnow.com\/blog\/wp-content\/uploads\/logos\/20150518\/mht_logo_span.png\"><img loading=\"lazy\" decoding=\"async\" class=\"alignright size-thumbnail wp-image-371\" src=\"http:\/\/www.mentalwellnessnow.com\/blog\/wp-content\/uploads\/logos\/20150518\/mht_logo_span-150x150.png\" alt=\"terapia de salud logo\" width=\"150\" height=\"150\" srcset=\"https:\/\/www.mentalwellnessnow.com\/blog\/wp-content\/uploads\/logos\/20150518\/mht_logo_span-150x150.png 150w, https:\/\/www.mentalwellnessnow.com\/blog\/wp-content\/uploads\/logos\/20150518\/mht_logo_span-300x300.png 300w, https:\/\/www.mentalwellnessnow.com\/blog\/wp-content\/uploads\/logos\/20150518\/mht_logo_span.png 476w\" sizes=\"auto, (max-width: 150px) 100vw, 150px\" \/><\/a>QUE ES EL\u00a0<\/span><\/span><span style=\"color: #000000;\"><span style=\"font-size: medium;\"><span style=\"font-family: arial, sans-serif;\">ASESORAMIENTO TERAP\u00c9UTICO<\/span><\/span><\/span><span style=\"font-size: medium;\">?<\/span><\/strong><\/p>\n<p><span style=\"color: #2b2b2b;\"><span style=\"font-size: medium;\">El asesoramiento terap\u00e9utico es un proceso a trav\u00e9s del cual los clientes son evaluados por sus s\u00edntomas y el terapeuta, junto con el cliente, dise\u00f1an un plan terap\u00e9utico de acci\u00f3n que les facilitar<\/span><\/span><span style=\"color: #2b2b2b;\"><span style=\"font-family: 'Times New Roman', sans-serif;\"><span style=\"font-size: medium;\">\u00e1 el<\/span><\/span><\/span><span style=\"color: #2b2b2b;\"><span style=\"font-size: medium;\"> volver a su salud mental y \/ o emocional. Puede que el cliente presente s\u00edntomas de un trastorno que s\u00f3lo podr\u00eda ser tan s\u00f3lo un proceso emocional como resultado de un problema de la vida. De cualquier manera, un simple s\u00edntoma de ansiedad o tristeza causada por el estr\u00e9s ambiental puede, si no es asistido(a) oportunamente, o mal asistido, convierte el problema en un trastorno por el que no s\u00f3lo se recomienda tratamiento sicol<\/span><\/span><span style=\"color: #2b2b2b;\"><span style=\"font-family: 'Times New Roman', sans-serif;\"><span style=\"font-size: medium;\">\u00f3<\/span><\/span><\/span><span style=\"color: #2b2b2b;\"><span style=\"font-size: medium;\">gico, sino que a la vez es necesario. Es el trabajo del asesor terap<\/span><\/span><span style=\"color: #2b2b2b;\"><span style=\"font-family: 'Times New Roman', sans-serif;\"><span style=\"font-size: medium;\">\u00e9<\/span><\/span><\/span><span style=\"color: #2b2b2b;\"><span style=\"font-size: medium;\">utico el de realizar una evaluaci\u00f3n exhaustiva para esclarecer e identificar un problema real del individuo, ya sea simplemente problema relacional pasajero, o quiz\u00e1s un trastorno mental o emocional.<\/span><\/span><\/p>\n<p lang=\"es-CO\">\u00a0<span style=\"font-size: medium;\"><b>LA CLASE DE TRABAJO TERAP\u00c9UTICO QUE EJERCEMOS<\/b><\/span><\/p>\n<p><span style=\"color: #2b2b2b;\"><span style=\"font-size: medium;\">Como terapeuta psicodin\u00e1mica, Nancy Pinz\u00f3n trabaja muy de cerca con las experiencias pasadas como la causa directa de un traumatismo, u otra forma de crisis. Por lo tanto, es de suma importancia para entender el tipo de desequilibrio emocional que se interpone en el camino de la vida diaria de los clientes, ya sea mental o emocional, o incluso dolor f\u00edsico el cual ni los m\u00e9dicos pueden encontrar respuestas al problema real (problema psicosom\u00e1tico), ya sea a trav\u00e9s del examen f\u00edsico (los signos) o hallazgos de laboratorio. En cualquier caso, los clientes necesitan ser asistidos con sus s\u00edntomas para poder regresar a su estado mental o emocional b<\/span><\/span><span style=\"color: #2b2b2b;\"><span style=\"font-family: 'Times New Roman', sans-serif;\"><span style=\"font-size: medium;\">\u00e1<\/span><\/span><\/span><span style=\"color: #2b2b2b;\"><span style=\"font-size: medium;\">sico.<\/span><\/span><\/p>\n<p lang=\"es-CO\">\u00a0<span style=\"font-size: medium;\">Damos pues la bienvenida a clientes quienes han atravesado traumas como los veteranos, los ni\u00f1os, mujeres, y hombres en su ni<\/span><span style=\"font-family: 'Times New Roman', sans-serif;\"><span style=\"font-size: medium;\">\u00f1<\/span><\/span><span style=\"font-size: medium;\">ez o cualquier otra \u00e9poca de sus vidas; tambi\u00e9n a aquellos quienes encuentran problemas en sus vidas, m<\/span><span style=\"font-family: 'Times New Roman', sans-serif;\"><span style=\"font-size: medium;\">\u00e1<\/span><\/span><span style=\"font-size: medium;\">s no saben c<\/span><span style=\"font-family: 'Times New Roman', sans-serif;\"><span style=\"font-size: medium;\">\u00f3<\/span><\/span><span style=\"font-size: medium;\">mo resolverlos; a individuos con problemas de pareja y se encuentran atravesando desaf\u00edos maritales; o problemas entre padres e hijos; o adolescentes con dificultades de comportamiento; o individuos que presentan ansiedad social, trastornos de la alimentaci\u00f3n como anorexia o bulimia; o cualquiera de los trastornos de la personalidad; tambi\u00e9n damos la bienvenida a individuos LGBT que exhiben s\u00edntomas de depresi\u00f3n, ansiedad, miedo, duda, o conflictos de identidad sexual. Estamos aqu\u00ed para ayudarles a recuperar su equilibrio emocional.<\/span><\/p>\n<p lang=\"es-CO\">\u00a0<span style=\"font-size: medium;\"><b>Tambi<\/b><\/span><span style=\"font-family: 'Times New Roman', sans-serif;\"><span style=\"font-size: medium;\"><b>\u00e9<\/b><\/span><\/span><span style=\"font-size: medium;\"><b>n nos encontramos capacitados para asistir a clientes con los siguientes s\u00edntomas:<\/b><\/span><\/p>\n<ul>\n<li>Miedo<\/li>\n<li>Inseguridad<\/li>\n<li>Adicci\u00f3n<\/li>\n<li>Tartamudez<\/li>\n<li>Depresi\u00f3n<\/li>\n<li>Dolor (psicosom\u00e1tica)<\/li>\n<li>Comportamiento obsesivo y compulsivo<\/li>\n<li>Impotencia<\/li>\n<li>Frigidez<\/li>\n<li>Timidez<\/li>\n<li>Baja auto-estima<\/li>\n<li>Fumar<\/li>\n<li>Estr\u00e9s de ex\u00e1menes de la escuela<\/li>\n<li>Y otras condiciones o desordenes relacionados con factores mentales o emocionales.<\/li>\n<li>Actualmente estamos recibiendo nuevos clientes.<\/li>\n<\/ul>\n<p><strong>MODOS DE PAGO<\/strong><\/p>\n<p>Nos encontramos en el proceso de activar las siguientes formas de pago:<\/p>\n<ul>\n<li><strong>CREDIT CARD:<\/strong> Visa, MasterCard, Discover<\/li>\n<li><strong>CASH and DEBIT CARDS:<\/strong> Se seguir\u00e1 un sistema en escala (de acuerdo al salario anual del cliente).<\/li>\n<li><strong>SEGURO: TRICARE<\/strong>,\u00a0<strong>Medicaid, Virginia Premier<\/strong><\/li>\n<\/ul>\n<p><span style=\"color: #2b2b2b;\"><span style=\"font-size: medium;\">\u00a1BIENVENIDOS!<\/span><\/span><\/p>","protected":false},"excerpt":{"rendered":"<p>QUE ES EL\u00a0ASESORAMIENTO TERAP\u00c9UTICO? El asesoramiento terap\u00e9utico es un proceso a trav\u00e9s del cual los clientes son evaluados por sus s\u00edntomas y el terapeuta, junto con el cliente, dise\u00f1an un plan terap\u00e9utico de acci\u00f3n que les facilitar\u00e1 el volver a su salud mental y \/ o emocional. Puede que el cliente presente s\u00edntomas de un &hellip; <a href=\"https:\/\/www.mentalwellnessnow.com\/ES\/services\/mental-health-therapy\/\" class=\"more-link\">Seguir leyendo <span class=\"screen-reader-text\">Asesoramiento Terap\u00e9utico<\/span> <span class=\"meta-nav\">&rarr;<\/span><\/a><\/p>\n","protected":false},"author":2,"featured_media":0,"parent":214,"menu_order":3,"comment_status":"closed","ping_status":"open","template":"","meta":{"jetpack_post_was_ever_published":false,"footnotes":""},"class_list":["post-379","page","type-page","status-publish","hentry"],"jetpack_shortlink":"https:\/\/wp.me\/P4dXTL-67","jetpack_sharing_enabled":true,"_links":{"self":[{"href":"https:\/\/www.mentalwellnessnow.com\/ES\/wp-json\/wp\/v2\/pages\/379","targetHints":{"allow":["GET"]}}],"collection":[{"href":"https:\/\/www.mentalwellnessnow.com\/ES\/wp-json\/wp\/v2\/pages"}],"about":[{"href":"https:\/\/www.mentalwellnessnow.com\/ES\/wp-json\/wp\/v2\/types\/page"}],"author":[{"embeddable":true,"href":"https:\/\/www.mentalwellnessnow.com\/ES\/wp-json\/wp\/v2\/users\/2"}],"replies":[{"embeddable":true,"href":"https:\/\/www.mentalwellnessnow.com\/ES\/wp-json\/wp\/v2\/comments?post=379"}],"version-history":[{"count":5,"href":"https:\/\/www.mentalwellnessnow.com\/ES\/wp-json\/wp\/v2\/pages\/379\/revisions"}],"predecessor-version":[{"id":601,"href":"https:\/\/www.mentalwellnessnow.com\/ES\/wp-json\/wp\/v2\/pages\/379\/revisions\/601"}],"up":[{"embeddable":true,"href":"https:\/\/www.mentalwellnessnow.com\/ES\/wp-json\/wp\/v2\/pages\/214"}],"wp:attachment":[{"href":"https:\/\/www.mentalwellnessnow.com\/ES\/wp-json\/wp\/v2\/media?parent=379"}],"curies":[{"name":"wp","href":"https:\/\/api.w.org\/{rel}","templated":true}]}}