{"id":407,"date":"2015-07-16T18:41:29","date_gmt":"2015-07-16T22:41:29","guid":{"rendered":"http:\/\/www.mentalwellnessnow.com\/?page_id=407"},"modified":"2016-01-07T11:01:40","modified_gmt":"2016-01-07T16:01:40","slug":"psychological-evaluations","status":"publish","type":"page","link":"https:\/\/www.mentalwellnessnow.com\/ES\/services\/psychological-evaluations\/","title":{"rendered":"Evaluaciones Psicol\u00f3gicas"},"content":{"rendered":"<p><\/p>\n<h4>EVALUACION PSICOL\u00d3GICA PARA PROCESOS <img loading=\"lazy\" decoding=\"async\" class=\"alignright size-thumbnail wp-image-406\" src=\"http:\/\/www.mentalwellnessnow.com\/blog\/wp-content\/uploads\/logos\/mwnLogo_legal_span-150x150.png\" alt=\"Mental Wellness Logo Legal Span\" width=\"150\" height=\"150\" srcset=\"https:\/\/www.mentalwellnessnow.com\/blog\/wp-content\/uploads\/logos\/mwnLogo_legal_span-150x150.png 150w, https:\/\/www.mentalwellnessnow.com\/blog\/wp-content\/uploads\/logos\/mwnLogo_legal_span-300x300.png 300w, https:\/\/www.mentalwellnessnow.com\/blog\/wp-content\/uploads\/logos\/mwnLogo_legal_span.png 476w\" sizes=\"auto, (max-width: 150px) 100vw, 150px\" \/>LEGALES<\/h4>\n<p>Las evaluaciones sicol\u00f3gicas se han convertido necesarias in muchos de los procesos legales. Estas sirven para clarificar la condici\u00f3n emocional y\/o mental de individuos. Algunos de estos procesos legales son:<\/p>\n<ul>\n<ul>\n<li>Custodia de ni\u00f1os<\/li>\n<li>Capacidad de atravesar procesos legales en la Corte.<\/li>\n<li>Proceso de Inmigraci\u00f3n<\/li>\n<li>Accidente personal (neurol\u00f3gico)<\/li>\n<li>Casos de Incapacidad<\/li>\n<\/ul>\n<\/ul>\n<p>Otras evaluaciones pueden ser requeridas por ley para cumplir con los requisitos correspondientes; estos pueden envolver al sistema judicial y el cumplimiento con la ley.<\/p>\n<p>Los tipos de instrumentos de asesor\u00eda que usamos en Mental Wellness Now, LLC son:<\/p>\n<ol>\n<ol>\n<li>B\u00e1sico proceso de asesor\u00eda preliminar el cual cubre:\n<ul>\n<li>Informaci\u00f3n demogr\u00e1fica del cliente<\/li>\n<li>Asesor\u00eda cl\u00ednica \u2013 Historia<\/li>\n<li>Educaci\u00f3n<\/li>\n<li>Empleo \u2013 Historia<\/li>\n<li>Condici\u00f3n de salud (incluyendo medicamentos)<\/li>\n<li>Informaci\u00f3n familiar \u2013 Historia<\/li>\n<li>Sistema de vivienda<\/li>\n<\/ul>\n<\/li>\n<li>Examen del Estado Mental<\/li>\n<li>Minnesota Inventario Multifac\u00e9tico<br \/>\nde Personalidad 2 (MMPI-2)<\/li>\n<li><span style=\"line-height: 1.5;\">MAYSI -2 \u00a0Utilizado en adolescentes con problemas de comportamiento<\/span><\/li>\n<\/ol>\n<\/ol>\n<p>Estos instrumentos no son utilizados siempre con todos los clientes.<\/p>\n<p>Nuestros reportes son concisos y satisfacen los requisitos solicitados. Donde es necesario, puntos claves son enfatizados para generar una visi\u00f3n m\u00e1s clara del caso y la condici\u00f3n del cliente, los resultados, y las correspondientes recomendaciones. El MMPI provee una variedad de dominios o \u00e1reas cl\u00ednicas de preocupaci\u00f3n cognitivas, de personalidad, o sicopatolog\u00eda. El reporte final sostendr\u00e1 concisa informaci\u00f3n permiti\u00e9ndole al lector obtener una clara impresi\u00f3n de los estados tanto emocional como mental del examinado.<\/p>\n<p>Estamos orgullosos de servirles en su necesidad.<br \/>\nPara asegurar su cita nos puede llamar a :<br \/>\nmobile : 540-246-8155<\/p>\n<p><a title=\"CONT\u00c1CTENOS\" href=\"http:\/\/www.mentalwellnessnow.com\/EN\/contactus\/\">pagina de contacto<\/a><\/p>","protected":false},"excerpt":{"rendered":"<p>EVALUACION PSICOL\u00d3GICA PARA PROCESOS LEGALES Las evaluaciones sicol\u00f3gicas se han convertido necesarias in muchos de los procesos legales. Estas sirven para clarificar la condici\u00f3n emocional y\/o mental de individuos. Algunos de estos procesos legales son: Custodia de ni\u00f1os Capacidad de atravesar procesos legales en la Corte. Proceso de Inmigraci\u00f3n Accidente personal (neurol\u00f3gico) Casos de Incapacidad &hellip; <a href=\"https:\/\/www.mentalwellnessnow.com\/ES\/services\/psychological-evaluations\/\" class=\"more-link\">Seguir leyendo <span class=\"screen-reader-text\">Evaluaciones Psicol\u00f3gicas<\/span> <span class=\"meta-nav\">&rarr;<\/span><\/a><\/p>\n","protected":false},"author":2,"featured_media":0,"parent":214,"menu_order":7,"comment_status":"closed","ping_status":"open","template":"","meta":{"jetpack_post_was_ever_published":false,"footnotes":""},"class_list":["post-407","page","type-page","status-publish","hentry"],"jetpack_shortlink":"https:\/\/wp.me\/P4dXTL-6z","jetpack_sharing_enabled":true,"_links":{"self":[{"href":"https:\/\/www.mentalwellnessnow.com\/ES\/wp-json\/wp\/v2\/pages\/407","targetHints":{"allow":["GET"]}}],"collection":[{"href":"https:\/\/www.mentalwellnessnow.com\/ES\/wp-json\/wp\/v2\/pages"}],"about":[{"href":"https:\/\/www.mentalwellnessnow.com\/ES\/wp-json\/wp\/v2\/types\/page"}],"author":[{"embeddable":true,"href":"https:\/\/www.mentalwellnessnow.com\/ES\/wp-json\/wp\/v2\/users\/2"}],"replies":[{"embeddable":true,"href":"https:\/\/www.mentalwellnessnow.com\/ES\/wp-json\/wp\/v2\/comments?post=407"}],"version-history":[{"count":17,"href":"https:\/\/www.mentalwellnessnow.com\/ES\/wp-json\/wp\/v2\/pages\/407\/revisions"}],"predecessor-version":[{"id":589,"href":"https:\/\/www.mentalwellnessnow.com\/ES\/wp-json\/wp\/v2\/pages\/407\/revisions\/589"}],"up":[{"embeddable":true,"href":"https:\/\/www.mentalwellnessnow.com\/ES\/wp-json\/wp\/v2\/pages\/214"}],"wp:attachment":[{"href":"https:\/\/www.mentalwellnessnow.com\/ES\/wp-json\/wp\/v2\/media?parent=407"}],"curies":[{"name":"wp","href":"https:\/\/api.w.org\/{rel}","templated":true}]}}