{"id":479,"date":"2015-10-01T21:20:22","date_gmt":"2015-10-02T01:20:22","guid":{"rendered":"http:\/\/www.mentalwellnessnow.com\/?page_id=479"},"modified":"2015-10-03T14:56:11","modified_gmt":"2015-10-03T18:56:11","slug":"healing-arts","status":"publish","type":"page","link":"https:\/\/www.mentalwellnessnow.com\/ES\/services\/mental-health-therapy\/healing-arts\/","title":{"rendered":"Artes Sanadoras"},"content":{"rendered":"<p><\/p>\n<p align=\"CENTER\"><span style=\"font-family: Verdana, sans-serif;\"><span style=\"font-size: medium;\">ARTE COMO MEDIO DE SANACI\u00d3N<\/span><\/span><\/p>\n<p><span style=\"font-family: Verdana, sans-serif;\"><span style=\"font-size: medium;\"><span lang=\"es-CO\">A trav\u00e9s de los siglos el arte ha sido utilizado como medio de alcanzar esas \u00e1reas tan profundas en la siquis humana. La conexi\u00f3n de la mente y el cuerpo permite un continuo fluido tanto de inspiraci\u00f3n como de comodidad emocional que logra suavizar y nutrir el alma humana. Hoy, viviendo bajo tan ca\u00f3ticas influencias sociales y ambientales, no nos queda otra alternativa sino el esperar poder alcanzar aquellos recursos en lo m\u00e1s profundo de nuestro ser que no hayan sido todav\u00eda explorados, y que pueden aliviar el dolor emocional.<\/span><\/span><\/span><\/p>\n<p><span style=\"font-family: Verdana, sans-serif;\"><span style=\"font-size: medium;\"><span lang=\"es-CO\">El arte puede ser expresado a trav\u00e9s de m\u00fasica como tocar un instrumento y\/o cantar, o por medios visuales que pueden ser expresados a trav\u00e9s de esculturas o pinturas, inclusive a trav\u00e9s de la lectura o escritura de poes\u00eda o prosa; de alguna manera observable. No es fuera de lo com\u00fan en el campo de terapia mental asistir a ciertos clientes quienes han atravesado muy dif\u00edciles experiencias o traumas, el aconsejarles mantener un diario en el cual puedan expresar sus emociones (lo cual es una t\u00e9cnica usada en la terapia cognitiva conductual). En esta forma se les da la oportunidad a los clientes el poder llegar a percibir una epifan\u00eda y\/o por lo menos aclarar, o confrontar m\u00e1s profundamente aquello que ha sido desalentador en sus vidas.<\/span><\/span><\/span><\/p>\n<p><span style=\"font-family: Verdana, sans-serif;\"><span style=\"font-size: medium;\"><span lang=\"es-CO\">En los ni\u00f1os y en algunos casos, en ciertos adultos, existen modos de asistirles a traer a nivel consciente aquellas experiencias que pueden haber sido olvidadas; esto se puede lograr a trav\u00e9s de terapia de juego y\/o terapia de arena siendo ambas una forma de terapia de arte. Es m\u00e1s, hoy existen escuelas que ofrecen certificados en Terapia de Arte. Nosotros en Mental Wellness Now ofrecemos a nuestros clientes como t\u00e9cnica terap\u00e9utica el practicar la palabra escrita a trav\u00e9s de poes\u00eda y prosa; inclusive a trav\u00e9s del dibujo. Estas formas de arte han demostrado ser muy efectivas.<\/span><\/span><\/span><\/p>","protected":false},"excerpt":{"rendered":"<p>ARTE COMO MEDIO DE SANACI\u00d3N A trav\u00e9s de los siglos el arte ha sido utilizado como medio de alcanzar esas \u00e1reas tan profundas en la siquis humana. La conexi\u00f3n de la mente y el cuerpo permite un continuo fluido tanto de inspiraci\u00f3n como de comodidad emocional que logra suavizar y nutrir el alma humana. Hoy, &hellip; <a href=\"https:\/\/www.mentalwellnessnow.com\/ES\/services\/mental-health-therapy\/healing-arts\/\" class=\"more-link\">Seguir leyendo <span class=\"screen-reader-text\">Artes Sanadoras<\/span> <span class=\"meta-nav\">&rarr;<\/span><\/a><\/p>\n","protected":false},"author":2,"featured_media":0,"parent":379,"menu_order":15,"comment_status":"closed","ping_status":"closed","template":"","meta":{"jetpack_post_was_ever_published":false,"footnotes":""},"class_list":["post-479","page","type-page","status-publish","hentry"],"jetpack_shortlink":"https:\/\/wp.me\/P4dXTL-7J","jetpack_sharing_enabled":true,"_links":{"self":[{"href":"https:\/\/www.mentalwellnessnow.com\/ES\/wp-json\/wp\/v2\/pages\/479","targetHints":{"allow":["GET"]}}],"collection":[{"href":"https:\/\/www.mentalwellnessnow.com\/ES\/wp-json\/wp\/v2\/pages"}],"about":[{"href":"https:\/\/www.mentalwellnessnow.com\/ES\/wp-json\/wp\/v2\/types\/page"}],"author":[{"embeddable":true,"href":"https:\/\/www.mentalwellnessnow.com\/ES\/wp-json\/wp\/v2\/users\/2"}],"replies":[{"embeddable":true,"href":"https:\/\/www.mentalwellnessnow.com\/ES\/wp-json\/wp\/v2\/comments?post=479"}],"version-history":[{"count":5,"href":"https:\/\/www.mentalwellnessnow.com\/ES\/wp-json\/wp\/v2\/pages\/479\/revisions"}],"predecessor-version":[{"id":500,"href":"https:\/\/www.mentalwellnessnow.com\/ES\/wp-json\/wp\/v2\/pages\/479\/revisions\/500"}],"up":[{"embeddable":true,"href":"https:\/\/www.mentalwellnessnow.com\/ES\/wp-json\/wp\/v2\/pages\/379"}],"wp:attachment":[{"href":"https:\/\/www.mentalwellnessnow.com\/ES\/wp-json\/wp\/v2\/media?parent=479"}],"curies":[{"name":"wp","href":"https:\/\/api.w.org\/{rel}","templated":true}]}}