{"id":501,"date":"2015-10-03T14:55:59","date_gmt":"2015-10-03T18:55:59","guid":{"rendered":"http:\/\/www.mentalwellnessnow.com\/?page_id=501"},"modified":"2015-10-03T15:36:15","modified_gmt":"2015-10-03T19:36:15","slug":"principles","status":"publish","type":"page","link":"https:\/\/www.mentalwellnessnow.com\/ES\/about-us\/principles\/","title":{"rendered":"Principios"},"content":{"rendered":"<p><\/p>\n<h4>Salud Mental \u00a0Ahora\u00a0Principios<\/h4>\n<h4>MISI\u00d3N<\/h4>\n<p>\u201cCrear un mejor mundo para los adolescentes ayud\u00e1ndolos a alcanzar el m\u00e1s alto grado de expresi\u00f3n y realizaci\u00f3n; asistirlos en su desarrollo personal a trav\u00e9s de terapia; facilitar programas para despu\u00e9s de la escuela a juventud vulnerable quienes se cuidan solos en sus hogares sin supervisi\u00f3n adulta alguna pues sus padres trabajan; esto previene el descuido de la juventud.\u201d<\/p>\n<h4>VISI\u00d3N<\/h4>\n<p>\u201cCreemos que los adolescentes son los l\u00edderes del ma\u00f1ana. Confrontando este realidad nos permite crear maneras en las que se les pueda asistir a trav\u00e9s de terapias de arte y de grupo; aconsej\u00e1ndoles el expresar sus emociones y puntos de vista, a la vez que desarrollen su estilo y en esta forma fortalecen su comunicaci\u00f3n.\u201d<\/p>\n<h4>PRINCIPIOS<\/h4>\n<ul>\n<li>Dedicar esfuerzos a la salud en general y emocional de individuos<\/li>\n<li>Asistir individuos a aumentar su habilidad de controlar sus emociones<\/li>\n<li>Trabajar en la importancia de la estabilidad del sistema familiar, el trabajo y el campo social<\/li>\n<li>Respetar los derechos de privacidad de cada individuo.<\/li>\n<li>Respetar la raza, conceptos religiosos y pol\u00edticos, sexo, lugar de origen, y orientaci\u00f3n sexual de individuos (de acuerdo a Los Decretos de Derechos Humanos de 1964).<\/li>\n<li>Ejercer honestidad continuamente en lo referido al estado de la salud mental del individuo.<\/li>\n<li>Proveer siempre el documento de Informaci\u00f3n de<\/li>\n<li>Consentimiento a individuos<\/li>\n<li>Proteger siempre la seguridad de individuos y terceras personas<\/li>\n<li>Proteger siempre a los ni\u00f1os, los ancianos e incapacitados contra abuso f\u00edsico y emocional<\/li>\n<li>Ejercer competencia cultural cuando trabaja con individuos biling\u00fce.<\/li>\n<\/ul>\n<h4>SERVICIOS<\/h4>\n<ul>\n<li>Terapia individual y de grupo<\/li>\n<li>Hipnoter\u00e1pia \u2013 manejo del enojo<\/li>\n<li>Manejo de crisis<\/li>\n<li>Terapia de pareja<\/li>\n<li>Terapia del n\u00facleo familiar<\/li>\n<li>Capacitaci\u00f3n desarrollo personal<\/li>\n<li>Educaci\u00f3n familiar.<\/li>\n<\/ul>\n<p><\/p>","protected":false},"excerpt":{"rendered":"<p>Salud Mental \u00a0Ahora\u00a0Principios MISI\u00d3N \u201cCrear un mejor mundo para los adolescentes ayud\u00e1ndolos a alcanzar el m\u00e1s alto grado de expresi\u00f3n y realizaci\u00f3n; asistirlos en su desarrollo personal a trav\u00e9s de terapia; facilitar programas para despu\u00e9s de la escuela a juventud vulnerable quienes se cuidan solos en sus hogares sin supervisi\u00f3n adulta alguna pues sus padres &hellip; <a href=\"https:\/\/www.mentalwellnessnow.com\/ES\/about-us\/principles\/\" class=\"more-link\">Seguir leyendo <span class=\"screen-reader-text\">Principios<\/span> <span class=\"meta-nav\">&rarr;<\/span><\/a><\/p>\n","protected":false},"author":2,"featured_media":0,"parent":32,"menu_order":14,"comment_status":"closed","ping_status":"closed","template":"","meta":{"jetpack_post_was_ever_published":false,"footnotes":""},"class_list":["post-501","page","type-page","status-publish","hentry"],"jetpack_shortlink":"https:\/\/wp.me\/P4dXTL-85","jetpack_sharing_enabled":true,"_links":{"self":[{"href":"https:\/\/www.mentalwellnessnow.com\/ES\/wp-json\/wp\/v2\/pages\/501","targetHints":{"allow":["GET"]}}],"collection":[{"href":"https:\/\/www.mentalwellnessnow.com\/ES\/wp-json\/wp\/v2\/pages"}],"about":[{"href":"https:\/\/www.mentalwellnessnow.com\/ES\/wp-json\/wp\/v2\/types\/page"}],"author":[{"embeddable":true,"href":"https:\/\/www.mentalwellnessnow.com\/ES\/wp-json\/wp\/v2\/users\/2"}],"replies":[{"embeddable":true,"href":"https:\/\/www.mentalwellnessnow.com\/ES\/wp-json\/wp\/v2\/comments?post=501"}],"version-history":[{"count":4,"href":"https:\/\/www.mentalwellnessnow.com\/ES\/wp-json\/wp\/v2\/pages\/501\/revisions"}],"predecessor-version":[{"id":516,"href":"https:\/\/www.mentalwellnessnow.com\/ES\/wp-json\/wp\/v2\/pages\/501\/revisions\/516"}],"up":[{"embeddable":true,"href":"https:\/\/www.mentalwellnessnow.com\/ES\/wp-json\/wp\/v2\/pages\/32"}],"wp:attachment":[{"href":"https:\/\/www.mentalwellnessnow.com\/ES\/wp-json\/wp\/v2\/media?parent=501"}],"curies":[{"name":"wp","href":"https:\/\/api.w.org\/{rel}","templated":true}]}}