{"id":89,"date":"2013-12-19T16:16:23","date_gmt":"2013-12-20T00:16:23","guid":{"rendered":"http:\/\/www.mentalwellnessnow.com\/blog\/?page_id=89"},"modified":"2015-12-05T11:59:20","modified_gmt":"2015-12-05T16:59:20","slug":"contactus","status":"publish","type":"page","link":"https:\/\/www.mentalwellnessnow.com\/ES\/contactus\/","title":{"rendered":"Cont\u00e1ctenos"},"content":{"rendered":"<p>\n<div class=\"wpcf7 no-js\" id=\"wpcf7-f156-o2\" lang=\"es-ES\" dir=\"ltr\">\n<div class=\"screen-reader-response\"><p role=\"status\" aria-live=\"polite\" aria-atomic=\"true\"><\/p> <ul><\/ul><\/div>\n<form action=\"\/ES\/wp-json\/wp\/v2\/pages\/89#wpcf7-f156-o2\" method=\"post\" class=\"wpcf7-form init\" aria-label=\"Formulario de contacto\" novalidate=\"novalidate\" data-status=\"init\">\n<div style=\"display: none;\">\n<input type=\"hidden\" name=\"_wpcf7\" value=\"156\" \/>\n<input type=\"hidden\" name=\"_wpcf7_version\" value=\"5.9.5\" \/>\n<input type=\"hidden\" name=\"_wpcf7_locale\" value=\"es_ES\" \/>\n<input type=\"hidden\" name=\"_wpcf7_unit_tag\" value=\"wpcf7-f156-o2\" \/>\n<input type=\"hidden\" name=\"_wpcf7_container_post\" value=\"0\" \/>\n<input type=\"hidden\" name=\"_wpcf7_posted_data_hash\" value=\"\" \/>\n<\/div>\n<p>Estamos aqu\u00ed para servirle a usted. Pueden llamar o enviar por correo electr\u00f3nico con comentarios y preguntas, as\u00ed que podemos darle los mejores servicios! Su informaci\u00f3n es confidencial, seguro y nunca se comparte.\n<\/p>\n<p>Nos comunicaremos con usted lo m\u00e1s pronto posible, por lo general en el mismo o siguiente d\u00eda.<br \/>\n--------------------------------------------------------<br \/>\nMental Wellness Now<br \/>\nNancy Pinzon, LPC, CHt<br \/>\nSicoterapeuta Licenciada Profesional<br \/>\nPO Box 1705<br \/>\nHarrisonburg, VA 22803<br \/>\n540-246-8155<br \/>\ninfo@mentalwellnessnow.com<br \/>\n--------------------------------------------------------<br \/>\nTambi\u00e9n puede ponerse en contacto con nosotros con el siguiente formulario.\n<\/p>\n<p>Su nombre (requerido)\n<\/p>\n<p><span class=\"wpcf7-form-control-wrap\" data-name=\"your-name\"><input size=\"40\" class=\"wpcf7-form-control wpcf7-text wpcf7-validates-as-required\" aria-required=\"true\" aria-invalid=\"false\" value=\"\" type=\"text\" name=\"your-name\" \/><\/span>\n<\/p>\n<p>Su Email (requerido)\n<\/p>\n<p><span class=\"wpcf7-form-control-wrap\" data-name=\"your-email\"><input size=\"40\" class=\"wpcf7-form-control wpcf7-email wpcf7-validates-as-required wpcf7-text wpcf7-validates-as-email\" aria-required=\"true\" aria-invalid=\"false\" value=\"\" type=\"email\" name=\"your-email\" \/><\/span>\n<\/p>\n<p>Su tel\u00e9fono\n<\/p>\n<p><span class=\"wpcf7-form-control-wrap\" data-name=\"telephone\"><input size=\"40\" class=\"wpcf7-form-control wpcf7-tel wpcf7-text wpcf7-validates-as-tel\" aria-invalid=\"false\" value=\"\" type=\"tel\" name=\"telephone\" \/><\/span>\n<\/p>\n<p>Categor\u00eda\n<\/p>\n<p><span class=\"wpcf7-form-control-wrap\" data-name=\"radio-483-category\"><span class=\"wpcf7-form-control wpcf7-radio\"><span class=\"wpcf7-list-item first\"><span class=\"wpcf7-list-item-label\">Informaci\u00f3n  generale<\/span><input type=\"radio\" name=\"radio-483-category\" value=\"Informaci\u00f3n  generale\" \/><\/span><span class=\"wpcf7-list-item\"><span class=\"wpcf7-list-item-label\">Curso para Manejo Del Enojo<\/span><input type=\"radio\" name=\"radio-483-category\" value=\"Curso para Manejo Del Enojo\" \/><\/span><span class=\"wpcf7-list-item\"><span class=\"wpcf7-list-item-label\">Desarrollo Personal<\/span><input type=\"radio\" name=\"radio-483-category\" value=\"Desarrollo Personal\" \/><\/span><span class=\"wpcf7-list-item\"><span class=\"wpcf7-list-item-label\">Hipnoterapia<\/span><input type=\"radio\" name=\"radio-483-category\" value=\"Hipnoterapia\" \/><\/span><span class=\"wpcf7-list-item last\"><span class=\"wpcf7-list-item-label\">Art\u00edculos Para la Venta<\/span><input type=\"radio\" name=\"radio-483-category\" value=\"Art\u00edculos Para la Venta\" \/><\/span><\/span><\/span>\n<\/p>\n<p>Asunto\n<\/p>\n<p><span class=\"wpcf7-form-control-wrap\" data-name=\"your-subject\"><input size=\"40\" class=\"wpcf7-form-control wpcf7-text wpcf7-validates-as-required\" aria-required=\"true\" aria-invalid=\"false\" value=\"\" type=\"text\" name=\"your-subject\" \/><\/span>\n<\/p>\n<p>Su Mensaje\n<\/p>\n<p><span class=\"wpcf7-form-control-wrap\" data-name=\"your-message\"><textarea cols=\"40\" rows=\"10\" class=\"wpcf7-form-control wpcf7-textarea\" aria-invalid=\"false\" name=\"your-message\"><\/textarea><\/span>\n<\/p>\n<p><input type=\"hidden\" name=\"_wpcf7_captcha_challenge_captcha_info\" value=\"83313545\" \/><img loading=\"lazy\" decoding=\"async\" class=\"wpcf7-form-control wpcf7-captchac wpcf7-captcha-captcha_info\" width=\"72\" height=\"24\" alt=\"captcha\" src=\"https:\/\/www.mentalwellnessnow.com\/blog\/wp-content\/uploads\/wpcf7_captcha\/83313545.png\" \/><br \/>\n<span class=\"wpcf7-form-control-wrap\" data-name=\"captcha_info\"><input size=\"40\" class=\"wpcf7-form-control wpcf7-captchar\" autocomplete=\"off\" aria-invalid=\"false\" value=\"\" type=\"text\" name=\"captcha_info\" \/><\/span>\n<\/p>\n<p><input class=\"wpcf7-form-control wpcf7-submit has-spinner\" type=\"submit\" value=\"Enviar\" \/>\n<\/p><div class=\"wpcf7-response-output\" aria-hidden=\"true\"><\/div>\n<\/form>\n<\/div>\n<\/p>","protected":false},"excerpt":{"rendered":"","protected":false},"author":1,"featured_media":0,"parent":0,"menu_order":9,"comment_status":"closed","ping_status":"open","template":"","meta":{"jetpack_post_was_ever_published":false,"footnotes":""},"class_list":["post-89","page","type-page","status-publish","hentry"],"jetpack_shortlink":"https:\/\/wp.me\/P4dXTL-1r","jetpack_sharing_enabled":true,"_links":{"self":[{"href":"https:\/\/www.mentalwellnessnow.com\/ES\/wp-json\/wp\/v2\/pages\/89","targetHints":{"allow":["GET"]}}],"collection":[{"href":"https:\/\/www.mentalwellnessnow.com\/ES\/wp-json\/wp\/v2\/pages"}],"about":[{"href":"https:\/\/www.mentalwellnessnow.com\/ES\/wp-json\/wp\/v2\/types\/page"}],"author":[{"embeddable":true,"href":"https:\/\/www.mentalwellnessnow.com\/ES\/wp-json\/wp\/v2\/users\/1"}],"replies":[{"embeddable":true,"href":"https:\/\/www.mentalwellnessnow.com\/ES\/wp-json\/wp\/v2\/comments?post=89"}],"version-history":[{"count":7,"href":"https:\/\/www.mentalwellnessnow.com\/ES\/wp-json\/wp\/v2\/pages\/89\/revisions"}],"predecessor-version":[{"id":486,"href":"https:\/\/www.mentalwellnessnow.com\/ES\/wp-json\/wp\/v2\/pages\/89\/revisions\/486"}],"wp:attachment":[{"href":"https:\/\/www.mentalwellnessnow.com\/ES\/wp-json\/wp\/v2\/media?parent=89"}],"curies":[{"name":"wp","href":"https:\/\/api.w.org\/{rel}","templated":true}]}}